{"id":2,"date":"2021-02-07T14:24:42","date_gmt":"2021-02-07T13:24:42","guid":{"rendered":"http:\/\/corinne-poilleux.fr\/?page_id=2"},"modified":"2026-03-14T14:08:08","modified_gmt":"2026-03-14T13:08:08","slug":"avis","status":"publish","type":"page","link":"https:\/\/corinne-poilleux.fr\/","title":{"rendered":"Avis"},"content":{"rendered":"\n<p class=\"has-text-align-center\"><mark><mark style=\"background-color:#ffffff\" class=\"has-inline-color has-black-color\"><em><strong>\u00ab\u00a0La confiance est \u00e0 toutes relations humaines<\/strong><\/em><br><em><strong>ce que les fondations sont \u00e0 toutes constructions humaines.\u00a0\u00bb<\/strong><\/em><br><em>[Daniel Desbiens<\/em><\/mark><\/mark><em><mark style=\"background-color:#ffffff\" class=\"has-inline-color has-black-color\">]<\/mark><\/em><\/p>\n\n\n\n<center><iframe loading=\"lazy\" width=\"560\" height=\"315\" src=\"https:\/\/www.youtube.com\/embed\/5q29-RQ0xpY?si=2Jf5GgM-hKeuWA6W\" title=\"YouTube video player\" frameborder=\"0\" allow=\"accelerometer; autoplay; clipboard-write; encrypted-media; gyroscope; picture-in-picture; web-share\" referrerpolicy=\"strict-origin-when-cross-origin\" allowfullscreen><\/iframe><\/center>\n\n\n\n<p class=\"has-text-align-center\"><strong><code>Suivez-moi via mon profil en ligne et carte de visite interactive : <\/code><\/strong><br><strong><code><a href=\"https:\/\/linktr.ee\/CPImmo_78150\"><em>https:\/\/linktr.ee\/CPImmo_78150<\/em><\/a><\/code><\/strong><\/p>\n\n\n<div class=\"wp-block-image\">\n<figure class=\"aligncenter size-full is-resized\"><img loading=\"lazy\" decoding=\"async\" width=\"300\" height=\"300\" src=\"https:\/\/corinne-poilleux.fr\/wp-content\/uploads\/2024\/08\/QR-CODE-LINKTREE.png\" alt=\"\" class=\"wp-image-1868\" style=\"width:132px;height:auto\" srcset=\"https:\/\/corinne-poilleux.fr\/wp-content\/uploads\/2024\/08\/QR-CODE-LINKTREE.png 300w, https:\/\/corinne-poilleux.fr\/wp-content\/uploads\/2024\/08\/QR-CODE-LINKTREE-150x150.png 150w, https:\/\/corinne-poilleux.fr\/wp-content\/uploads\/2024\/08\/QR-CODE-LINKTREE-100x100.png 100w\" sizes=\"(max-width: 300px) 100vw, 300px\" \/><\/figure><\/div>\n\n\n<p class=\"has-text-align-center\"><strong>LA SATISFACTION CLIENT, C&rsquo;EST NOUS !<\/strong><\/p>\n\n\n\n<figure class=\"wp-block-gallery aligncenter has-nested-images columns-default is-cropped wp-block-gallery-1 is-layout-flex wp-block-gallery-is-layout-flex\">\n<figure class=\"wp-block-image size-medium is-style-default\"><img loading=\"lazy\" decoding=\"async\" width=\"290\" height=\"300\" data-id=\"1855\" src=\"https:\/\/corinne-poilleux.fr\/wp-content\/uploads\/2024\/08\/PHOTO-FEMME-MAGAZINE-EVENEMENT-290x300.jpg\" alt=\"\" class=\"wp-image-1855\" srcset=\"https:\/\/corinne-poilleux.fr\/wp-content\/uploads\/2024\/08\/PHOTO-FEMME-MAGAZINE-EVENEMENT-290x300.jpg 290w, https:\/\/corinne-poilleux.fr\/wp-content\/uploads\/2024\/08\/PHOTO-FEMME-MAGAZINE-EVENEMENT-989x1024.jpg 989w, https:\/\/corinne-poilleux.fr\/wp-content\/uploads\/2024\/08\/PHOTO-FEMME-MAGAZINE-EVENEMENT-768x795.jpg 768w, https:\/\/corinne-poilleux.fr\/wp-content\/uploads\/2024\/08\/PHOTO-FEMME-MAGAZINE-EVENEMENT.jpg 1027w\" sizes=\"(max-width: 290px) 100vw, 290px\" \/><\/figure>\n<\/figure>\n\n\n\n<center><iframe src=\"https:\/\/www.opinionsystem.fr\/company_rating.php?company_id=4342&amp;rating_key=9d81842cf0326bf457d22c5e22d0339e&amp;language=fr-FR&amp;text_color=000000\" scrolling=\"no\" style=\"border: none; overflow: hidden\" allowtransparency=\"true\" frameborder=\"0\"><\/iframe><\/center>\n\n\n\n<p class=\"has-text-align-center\"><em><mark style=\"background-color:rgba(0, 0, 0, 0)\" class=\"has-inline-color has-black-color\">Quelques avis de clients que j&rsquo;ai eu plaisir \u00e0 accompagner derni\u00e8rement<br>dans leur projet de vente ou d&rsquo;achat de leur appartement ou de leur maison<br>sur Parly 2 \u2013<\/mark><\/em><em><mark style=\"background-color:rgba(0, 0, 0, 0)\" class=\"has-inline-color has-black-color\"> Le Chesnay Rocquencourt<\/mark><\/em><em><mark style=\"background-color:rgba(0, 0, 0, 0)\" class=\"has-inline-color has-black-color\">   \u2013 Versailles<\/mark>, <br>ou le triangle d&rsquo;or de l&rsquo;Ouest Parisien&#8230; <\/em><\/p>\n\n\n\n<figure class=\"wp-block-image size-large\"><img loading=\"lazy\" decoding=\"async\" width=\"1024\" height=\"326\" src=\"https:\/\/corinne-poilleux.fr\/wp-content\/uploads\/2023\/12\/Capture-decran-2023-12-11-223949-1024x326.png\" alt=\"\" class=\"wp-image-1667\" srcset=\"https:\/\/corinne-poilleux.fr\/wp-content\/uploads\/2023\/12\/Capture-decran-2023-12-11-223949-1024x326.png 1024w, https:\/\/corinne-poilleux.fr\/wp-content\/uploads\/2023\/12\/Capture-decran-2023-12-11-223949-300x95.png 300w, https:\/\/corinne-poilleux.fr\/wp-content\/uploads\/2023\/12\/Capture-decran-2023-12-11-223949-768x244.png 768w, https:\/\/corinne-poilleux.fr\/wp-content\/uploads\/2023\/12\/Capture-decran-2023-12-11-223949.png 1223w\" sizes=\"(max-width: 767px) 89vw, (max-width: 1000px) 54vw, (max-width: 1071px) 543px, 580px\" \/><\/figure>\n\n\n\n<p class=\"has-text-align-center\"><br>Gages de qualit\u00e9 et de fiabilit\u00e9, ces avis sont authentiques : <br>Ils sont contr\u00f4l\u00e9s et certifi\u00e9s par OPINION SYSTEM, <br>et vous garantissent de faire le bon choix !<\/p>\n\n\n\n<p class=\"has-text-align-center\"><strong> La satisfaction de mes clients est mon moteur<\/strong> !<\/p>\n\n\n\n<p class=\"has-text-align-center\"><a href=\"https:\/\/v2.immo-facile.com\/office12\/partenaires_immo\/catalog\/images\/perso\/livredor.pdf\" data-type=\"URL\" target=\"_blank\" rel=\"noreferrer noopener\">D\u00e9couvrez ici le <strong>LIVRE D&rsquo;OR<\/strong> des avis clients OPINION SYSTE<\/a><a href=\"https:\/\/v2.immo-facile.com\/office12\/partenaires_immo\/catalog\/images\/perso\/livredor.pdf\" data-type=\"URL\">M de notre agence <\/a><\/p>\n\n\n<div class=\"wp-block-image is-resized\">\n<figure class=\"aligncenter size-large\"><a href=\"https:\/\/v2.immo-facile.com\/office12\/partenaires_immo\/catalog\/images\/perso\/livredor.pdf\"><img loading=\"lazy\" decoding=\"async\" width=\"491\" height=\"626\" src=\"https:\/\/corinne-poilleux.fr\/wp-content\/uploads\/2022\/11\/badge-os.jpg\" alt=\"\" class=\"wp-image-1219\" style=\"width:154px;height:auto\" srcset=\"https:\/\/corinne-poilleux.fr\/wp-content\/uploads\/2022\/11\/badge-os.jpg 491w, https:\/\/corinne-poilleux.fr\/wp-content\/uploads\/2022\/11\/badge-os-235x300.jpg 235w\" sizes=\"(max-width: 491px) 100vw, 491px\" \/><\/a><\/figure><\/div>\n\n\n<p class=\"has-text-align-center\"><strong><mark style=\"background-color:rgba(0, 0, 0, 0)\" class=\"has-inline-color has-vivid-red-color\"><a href=\"https:\/\/www.opinionsystem.fr\/fr-fr\/certificate\/4342?referer=1\" target=\"_blank\" rel=\"noreferrer noopener\">Voir les r\u00e9cents avis clients de l&rsquo;Agence<\/a><\/mark><\/strong><\/p>\n\n\n\n<p class=\"has-text-align-center\"><\/p>\n","protected":false},"excerpt":{"rendered":"<p>\u00ab\u00a0La confiance est \u00e0 toutes relations humainesce que les fondations sont \u00e0 toutes constructions humaines.\u00a0\u00bb[Daniel Desbiens] Suivez-moi via mon profil en ligne et carte de visite interactive : https:\/\/linktr.ee\/CPImmo_78150 LA SATISFACTION CLIENT, C&rsquo;EST NOUS ! Quelques avis de clients que j&rsquo;ai eu plaisir \u00e0 accompagner derni\u00e8rementdans leur projet de vente ou d&rsquo;achat de leur appartement &hellip; <\/p>\n<p class=\"link-more\"><a href=\"https:\/\/corinne-poilleux.fr\/\" class=\"more-link\">Continuer la lecture<span class=\"screen-reader-text\"> de &laquo;&nbsp;Avis&nbsp;&raquo;<\/span><\/a><\/p>\n","protected":false},"author":1,"featured_media":0,"parent":0,"menu_order":0,"comment_status":"closed","ping_status":"open","template":"","meta":{"footnotes":""},"class_list":["post-2","page","type-page","status-publish","hentry"],"_links":{"self":[{"href":"https:\/\/corinne-poilleux.fr\/index.php\/wp-json\/wp\/v2\/pages\/2"}],"collection":[{"href":"https:\/\/corinne-poilleux.fr\/index.php\/wp-json\/wp\/v2\/pages"}],"about":[{"href":"https:\/\/corinne-poilleux.fr\/index.php\/wp-json\/wp\/v2\/types\/page"}],"author":[{"embeddable":true,"href":"https:\/\/corinne-poilleux.fr\/index.php\/wp-json\/wp\/v2\/users\/1"}],"replies":[{"embeddable":true,"href":"https:\/\/corinne-poilleux.fr\/index.php\/wp-json\/wp\/v2\/comments?post=2"}],"version-history":[{"count":123,"href":"https:\/\/corinne-poilleux.fr\/index.php\/wp-json\/wp\/v2\/pages\/2\/revisions"}],"predecessor-version":[{"id":1907,"href":"https:\/\/corinne-poilleux.fr\/index.php\/wp-json\/wp\/v2\/pages\/2\/revisions\/1907"}],"wp:attachment":[{"href":"https:\/\/corinne-poilleux.fr\/index.php\/wp-json\/wp\/v2\/media?parent=2"}],"curies":[{"name":"wp","href":"https:\/\/api.w.org\/{rel}","templated":true}]}}