{"id":452,"date":"2021-02-24T01:29:51","date_gmt":"2021-02-24T00:29:51","guid":{"rendered":"http:\/\/corinne-poilleux.fr\/?page_id=452"},"modified":"2021-02-28T11:50:16","modified_gmt":"2021-02-28T10:50:16","slug":"cv-2","status":"publish","type":"page","link":"https:\/\/corinne-poilleux.fr\/index.php\/cv-2\/","title":{"rendered":"CV"},"content":{"rendered":"\n<p>T\u00e9l\u00e9chargez-mon CV \u00e0 jour <\/p>\n\n\n\n<figure class=\"wp-block-image size-large\"><a href=\"https:\/\/corinne-poilleux.fr\/wp-content\/uploads\/2021\/02\/CV-Corinne-Poilleux-LE-CHESNAY-ROCQUENCOURT.pdf\"><img decoding=\"async\" src=\"https:\/\/corinne-poilleux.fr\/wp-content\/uploads\/2021\/02\/CV-Corinne-Poilleux-LE-CHESNAY-ROCQUENCOURT-pdf-724x1024.jpg\" alt=\"\" class=\"wp-image-460\"\/><\/a><\/figure>\n","protected":false},"excerpt":{"rendered":"<p>T\u00e9l\u00e9chargez-mon CV \u00e0 jour<\/p>\n","protected":false},"author":1,"featured_media":0,"parent":0,"menu_order":0,"comment_status":"closed","ping_status":"closed","template":"","meta":{"footnotes":""},"class_list":["post-452","page","type-page","status-publish","hentry"],"_links":{"self":[{"href":"https:\/\/corinne-poilleux.fr\/index.php\/wp-json\/wp\/v2\/pages\/452"}],"collection":[{"href":"https:\/\/corinne-poilleux.fr\/index.php\/wp-json\/wp\/v2\/pages"}],"about":[{"href":"https:\/\/corinne-poilleux.fr\/index.php\/wp-json\/wp\/v2\/types\/page"}],"author":[{"embeddable":true,"href":"https:\/\/corinne-poilleux.fr\/index.php\/wp-json\/wp\/v2\/users\/1"}],"replies":[{"embeddable":true,"href":"https:\/\/corinne-poilleux.fr\/index.php\/wp-json\/wp\/v2\/comments?post=452"}],"version-history":[{"count":3,"href":"https:\/\/corinne-poilleux.fr\/index.php\/wp-json\/wp\/v2\/pages\/452\/revisions"}],"predecessor-version":[{"id":463,"href":"https:\/\/corinne-poilleux.fr\/index.php\/wp-json\/wp\/v2\/pages\/452\/revisions\/463"}],"wp:attachment":[{"href":"https:\/\/corinne-poilleux.fr\/index.php\/wp-json\/wp\/v2\/media?parent=452"}],"curies":[{"name":"wp","href":"https:\/\/api.w.org\/{rel}","templated":true}]}}