{"id":945,"date":"2021-12-17T00:51:34","date_gmt":"2021-12-16T23:51:34","guid":{"rendered":"http:\/\/corinne-poilleux.fr\/?page_id=945"},"modified":"2022-11-11T00:57:07","modified_gmt":"2022-11-10T23:57:07","slug":"honoraires","status":"publish","type":"page","link":"https:\/\/corinne-poilleux.fr\/index.php\/honoraires\/","title":{"rendered":"HONORAIRES TTC"},"content":{"rendered":"\n<p class=\"has-text-align-right\"><strong>Maisons<\/strong> \u00e0 + de 600 000 \u20ac : 2 %<\/p>\n\n\n\n<p class=\"has-text-align-right\"><strong>Maisons<\/strong> \u00e0 &#8211; de 600 000 \u20ac : 2.5 %<\/p>\n\n\n\n<p class=\"has-text-align-right\"><strong>Appartements<\/strong> \u00e0 + de 600 000 \u20ac : 2,5 %<\/p>\n\n\n\n<p class=\"has-text-align-right\"><strong>Appartements<\/strong> \u00e0 &#8211; de 600 000 \u20ac: 3,3 %<\/p>\n\n\n\n<p class=\"has-text-align-right\"><strong>Studios <\/strong>: 8 000 \u20ac  <\/p>\n\n\n\n<p class=\"has-text-align-right\"><em>Les honoraires s\u2019entendent toutes taxes comprises.<\/em><\/p>\n\n\n\n<p><em><br>Tarif diff\u00e9rent possible apr\u00e8s analyse des sp\u00e9cificit\u00e9s du march\u00e9 et\/ou du bien et en accord<br>entre le mandant et le mandataire. <\/em><\/p>\n\n\n\n<p><em><br>Ce tarif peut s\u2019exprimer en % ou \u00eatre un montant forfaitaire.<\/em><\/p>\n\n\n\n<p><\/p>\n\n\n\n<p class=\"has-text-align-center\"><strong>ESTIMATION, VENTE, VIAGER, ACHAT, LOCATION<br>DE VOTRE APPARTEMENT OU VOTRE MAISON<br>SUR LE CHESNAY-ROCQUENCOURT, PARLY 2 ou VERSAILLES<\/strong><\/p>\n","protected":false},"excerpt":{"rendered":"<p>Maisons \u00e0 + de 600 000 \u20ac : 2 % Maisons \u00e0 &#8211; de 600 000 \u20ac : 2.5 % Appartements \u00e0 + de 600 000 \u20ac : 2,5 % Appartements \u00e0 &#8211; de 600 000 \u20ac: 3,3 % Studios : 8 000 \u20ac Les honoraires s\u2019entendent toutes taxes comprises. Tarif diff\u00e9rent possible apr\u00e8s analyse &hellip; <\/p>\n<p class=\"link-more\"><a href=\"https:\/\/corinne-poilleux.fr\/index.php\/honoraires\/\" class=\"more-link\">Continuer la lecture<span class=\"screen-reader-text\"> de &laquo;&nbsp;HONORAIRES TTC&nbsp;&raquo;<\/span><\/a><\/p>\n","protected":false},"author":1,"featured_media":0,"parent":0,"menu_order":0,"comment_status":"closed","ping_status":"closed","template":"","meta":{"footnotes":""},"class_list":["post-945","page","type-page","status-publish","hentry"],"_links":{"self":[{"href":"https:\/\/corinne-poilleux.fr\/index.php\/wp-json\/wp\/v2\/pages\/945","targetHints":{"allow":["GET"]}}],"collection":[{"href":"https:\/\/corinne-poilleux.fr\/index.php\/wp-json\/wp\/v2\/pages"}],"about":[{"href":"https:\/\/corinne-poilleux.fr\/index.php\/wp-json\/wp\/v2\/types\/page"}],"author":[{"embeddable":true,"href":"https:\/\/corinne-poilleux.fr\/index.php\/wp-json\/wp\/v2\/users\/1"}],"replies":[{"embeddable":true,"href":"https:\/\/corinne-poilleux.fr\/index.php\/wp-json\/wp\/v2\/comments?post=945"}],"version-history":[{"count":8,"href":"https:\/\/corinne-poilleux.fr\/index.php\/wp-json\/wp\/v2\/pages\/945\/revisions"}],"predecessor-version":[{"id":1261,"href":"https:\/\/corinne-poilleux.fr\/index.php\/wp-json\/wp\/v2\/pages\/945\/revisions\/1261"}],"wp:attachment":[{"href":"https:\/\/corinne-poilleux.fr\/index.php\/wp-json\/wp\/v2\/media?parent=945"}],"curies":[{"name":"wp","href":"https:\/\/api.w.org\/{rel}","templated":true}]}}